{"id":5,"date":"2020-01-13T11:17:52","date_gmt":"2020-01-13T11:17:52","guid":{"rendered":"https:\/\/demosites.io\/web-agency-gb\/?page_id=5"},"modified":"2023-05-27T18:11:41","modified_gmt":"2023-05-27T18:11:41","slug":"15c42-web-agency-gb-home","status":"publish","type":"page","link":"https:\/\/montielalimentos.com.ar\/","title":{"rendered":"Inicio"},"content":{"rendered":"\n<div class=\"wp-block-nextend-smartslider3\"><\/div>\n\n\n\n<div class=\"wp-block-nextend-smartslider3\"><\/div>\n\n\n\n<div style=\"height:80px\" aria-hidden=\"true\" class=\"wp-block-spacer\"><\/div>\n\n\n\n<hr class=\"wp-block-separator has-text-color has-neve-link-hover-color-color has-alpha-channel-opacity has-neve-link-hover-color-background-color has-background\"\/>\n\n\n\n<p><\/p>\n\n\n\n<div class=\"is-layout-flex wp-container-4 wp-block-columns has-nv-light-bg-background-color has-background has-small-font-size\">\n<div class=\"is-layout-flow wp-block-column\">\n<figure class=\"wp-block-image size-large\"><img decoding=\"async\" loading=\"lazy\" width=\"1016\" height=\"1024\" src=\"http:\/\/montielalimentos.com.ar\/wp-content\/uploads\/2023\/04\/web-fotos-2-01-1016x1024.jpg\" alt=\"\" class=\"wp-image-611\" srcset=\"https:\/\/montielalimentos.com.ar\/wp-content\/uploads\/2023\/04\/web-fotos-2-01-1016x1024.jpg 1016w, https:\/\/montielalimentos.com.ar\/wp-content\/uploads\/2023\/04\/web-fotos-2-01-298x300.jpg 298w, https:\/\/montielalimentos.com.ar\/wp-content\/uploads\/2023\/04\/web-fotos-2-01-150x150.jpg 150w, https:\/\/montielalimentos.com.ar\/wp-content\/uploads\/2023\/04\/web-fotos-2-01-768x774.jpg 768w, https:\/\/montielalimentos.com.ar\/wp-content\/uploads\/2023\/04\/web-fotos-2-01.jpg 1480w\" sizes=\"(max-width: 1016px) 100vw, 1016px\" \/><\/figure>\n<\/div>\n\n\n\n<div class=\"is-layout-flow wp-block-column\">\n<figure class=\"wp-block-image size-large\"><img decoding=\"async\" loading=\"lazy\" width=\"1016\" height=\"1024\" src=\"http:\/\/montielalimentos.com.ar\/wp-content\/uploads\/2023\/04\/web-fotos-01-1016x1024.jpg\" alt=\"\" class=\"wp-image-610\" srcset=\"https:\/\/montielalimentos.com.ar\/wp-content\/uploads\/2023\/04\/web-fotos-01-1016x1024.jpg 1016w, https:\/\/montielalimentos.com.ar\/wp-content\/uploads\/2023\/04\/web-fotos-01-298x300.jpg 298w, https:\/\/montielalimentos.com.ar\/wp-content\/uploads\/2023\/04\/web-fotos-01-150x150.jpg 150w, https:\/\/montielalimentos.com.ar\/wp-content\/uploads\/2023\/04\/web-fotos-01-768x774.jpg 768w, https:\/\/montielalimentos.com.ar\/wp-content\/uploads\/2023\/04\/web-fotos-01.jpg 1480w\" sizes=\"(max-width: 1016px) 100vw, 1016px\" \/><\/figure>\n<\/div>\n\n\n\n<div class=\"is-layout-flow wp-block-column\">\n<figure class=\"wp-block-image size-large\"><img decoding=\"async\" loading=\"lazy\" width=\"1016\" height=\"1024\" src=\"http:\/\/montielalimentos.com.ar\/wp-content\/uploads\/2023\/04\/web-fotos-3-01-1016x1024.jpg\" alt=\"\" class=\"wp-image-612\" srcset=\"https:\/\/montielalimentos.com.ar\/wp-content\/uploads\/2023\/04\/web-fotos-3-01-1016x1024.jpg 1016w, https:\/\/montielalimentos.com.ar\/wp-content\/uploads\/2023\/04\/web-fotos-3-01-298x300.jpg 298w, https:\/\/montielalimentos.com.ar\/wp-content\/uploads\/2023\/04\/web-fotos-3-01-150x150.jpg 150w, https:\/\/montielalimentos.com.ar\/wp-content\/uploads\/2023\/04\/web-fotos-3-01-768x774.jpg 768w, https:\/\/montielalimentos.com.ar\/wp-content\/uploads\/2023\/04\/web-fotos-3-01.jpg 1480w\" sizes=\"(max-width: 1016px) 100vw, 1016px\" \/><\/figure>\n<\/div>\n<\/div>\n\n\n\n<figure class=\"wp-block-image\"><img alt=\"\"\/><\/figure>\n\n\n\n<div class=\"is-layout-flex wp-container-8 wp-block-columns\">\n<div class=\"is-layout-flow wp-block-column\"><div class=\"wp-block-image\">\n<figure class=\"aligncenter size-full is-resized\"><img decoding=\"async\" loading=\"lazy\" src=\"http:\/\/montielalimentos.com.ar\/wp-content\/uploads\/2023\/03\/icono1.png\" alt=\"\" class=\"wp-image-499\" width=\"98\" height=\"100\" srcset=\"https:\/\/montielalimentos.com.ar\/wp-content\/uploads\/2023\/03\/icono1.png 440w, https:\/\/montielalimentos.com.ar\/wp-content\/uploads\/2023\/03\/icono1-295x300.png 295w\" sizes=\"(max-width: 98px) 100vw, 98px\" \/><\/figure><\/div>\n\n\n<p><\/p>\n\n\n\n<h3 class=\"has-text-align-center has-neve-link-hover-color-color has-text-color has-medium-font-size\">SERVICIO A <br>COMEDORES<\/h3>\n<\/div>\n\n\n\n<div class=\"is-layout-flow wp-block-column\"><div class=\"wp-block-image\">\n<figure class=\"aligncenter size-full is-resized\"><img decoding=\"async\" loading=\"lazy\" src=\"http:\/\/montielalimentos.com.ar\/wp-content\/uploads\/2023\/03\/icono2.png\" alt=\"\" class=\"wp-image-500\" width=\"128\" height=\"94\" srcset=\"https:\/\/montielalimentos.com.ar\/wp-content\/uploads\/2023\/03\/icono2.png 457w, https:\/\/montielalimentos.com.ar\/wp-content\/uploads\/2023\/03\/icono2-300x223.png 300w\" sizes=\"(max-width: 128px) 100vw, 128px\" \/><\/figure><\/div>\n\n\n<p><\/p>\n\n\n\n<h3 class=\"has-text-align-center has-neve-link-hover-color-color has-text-color has-medium-font-size\">SERVICIO DE VIANDAS <br>PARA EMPRESAS<\/h3>\n<\/div>\n\n\n\n<div class=\"is-layout-flow wp-block-column\"><div class=\"wp-block-image\">\n<figure class=\"aligncenter size-full is-resized\"><img decoding=\"async\" loading=\"lazy\" src=\"http:\/\/montielalimentos.com.ar\/wp-content\/uploads\/2023\/03\/icono3.png\" alt=\"\" class=\"wp-image-502\" width=\"97\" height=\"97\" srcset=\"https:\/\/montielalimentos.com.ar\/wp-content\/uploads\/2023\/03\/icono3.png 451w, https:\/\/montielalimentos.com.ar\/wp-content\/uploads\/2023\/03\/icono3-300x300.png 300w, https:\/\/montielalimentos.com.ar\/wp-content\/uploads\/2023\/03\/icono3-150x150.png 150w\" sizes=\"(max-width: 97px) 100vw, 97px\" \/><\/figure><\/div>\n\n\n<p><\/p>\n\n\n\n<h3 class=\"has-text-align-center has-neve-link-hover-color-color has-text-color has-medium-font-size\">SERVICIO A <br>COMERCIOS<\/h3>\n<\/div>\n<\/div>\n\n\n\n<hr class=\"wp-block-separator has-text-color has-neve-link-hover-color-color has-alpha-channel-opacity has-neve-link-hover-color-background-color has-background\"\/>\n\n\n\n<div class=\"wp-block-cover alignfull\" style=\"min-height:850px\"><span aria-hidden=\"true\" class=\"wp-block-cover__background has-nv-light-bg-background-color has-background-dim-100 has-background-dim\"><\/span><div class=\"wp-block-cover__inner-container\">\n<div class=\"is-layout-flow wp-block-group\"><div class=\"wp-block-group__inner-container\">\n<h2 class=\"has-text-align-center has-nv-c-1-color has-text-color\" id=\"sobre-nosotros\"><strong>SOBRE NOSOTROS<\/strong><\/h2>\n\n\n\n<div class=\"is-layout-flex wp-container-12 wp-block-columns are-vertically-aligned-center\">\n<div class=\"is-layout-flow wp-block-column is-vertically-aligned-center\" style=\"flex-basis:50%\">\n<div class=\"wp-block-nextend-smartslider3\"><\/div>\n<\/div>\n\n\n\n<div class=\"is-layout-flow wp-block-column is-vertically-aligned-center\" style=\"flex-basis:50%\">\n<p class=\"has-nv-dark-bg-color has-text-color\">Montiel Alimentos nace hace m\u00e1s de <strong>12 a\u00f1os<\/strong> a ra\u00edz de la creciente necesidad de las empresas en <strong>brindar bienestar<\/strong> a sus empleados.<\/p>\n\n\n\n<p class=\"has-nv-dark-bg-color has-text-color\">Nos dedicamos a la elaboraci\u00f3n de <strong>alimentos saludables<\/strong> para ello utilizamos materias primas de <strong>alta calidad<\/strong>. Creemos que la buena comida es una variable fundamental para que los empleados sientan motivaci\u00f3n y energ\u00eda para continuar la jornada laboral.<\/p>\n\n\n\n<p class=\"has-nv-dark-bg-color has-text-color\">Mejorar la productividad y las relaciones interpersonales, a trav\u00e9s de una alimentaci\u00f3n saludable, es lo que hoy nos ha convertido en un <strong>aliado estrat\u00e9gico<\/strong> de recursos humanos.<\/p>\n\n\n\n<div class=\"is-horizontal is-content-justification-left is-layout-flex wp-container-10 wp-block-buttons\"><\/div>\n<\/div>\n<\/div>\n\n\n\n<figure class=\"wp-block-image\"><img alt=\"\"\/><\/figure>\n\n\n\n<div class=\"is-content-justification-center is-layout-flex wp-container-13 wp-block-buttons\"><\/div>\n\n\n<div class=\"wp-block-image\">\n<figure class=\"aligncenter size-full is-resized\"><img decoding=\"async\" loading=\"lazy\" src=\"http:\/\/montielalimentos.com.ar\/wp-content\/uploads\/2023\/03\/montielalimentos-web.png\" alt=\"\" class=\"wp-image-544\" width=\"473\" height=\"140\"\/><\/figure><\/div><\/div><\/div>\n<\/div><\/div>\n\n\n\n<div class=\"wp-block-cover alignfull\" style=\"min-height:1033px\"><span aria-hidden=\"true\" class=\"wp-block-cover__background has-nv-site-bg-background-color has-background-dim-100 has-background-dim\"><\/span><div class=\"wp-block-cover__inner-container\">\n<div class=\"is-layout-flex wp-container-18 wp-block-columns\">\n<div class=\"is-layout-flow wp-block-column\">\n<figure class=\"wp-block-image size-large\"><img decoding=\"async\" loading=\"lazy\" width=\"1016\" height=\"1024\" src=\"http:\/\/montielalimentos.com.ar\/wp-content\/uploads\/2023\/04\/web-fotos-4-01-1016x1024.jpg\" alt=\"\" class=\"wp-image-613\" srcset=\"https:\/\/montielalimentos.com.ar\/wp-content\/uploads\/2023\/04\/web-fotos-4-01-1016x1024.jpg 1016w, https:\/\/montielalimentos.com.ar\/wp-content\/uploads\/2023\/04\/web-fotos-4-01-298x300.jpg 298w, https:\/\/montielalimentos.com.ar\/wp-content\/uploads\/2023\/04\/web-fotos-4-01-150x150.jpg 150w, https:\/\/montielalimentos.com.ar\/wp-content\/uploads\/2023\/04\/web-fotos-4-01-768x774.jpg 768w, https:\/\/montielalimentos.com.ar\/wp-content\/uploads\/2023\/04\/web-fotos-4-01.jpg 1480w\" sizes=\"(max-width: 1016px) 100vw, 1016px\" \/><\/figure>\n<\/div>\n\n\n\n<div class=\"is-layout-flow wp-block-column\">\n<figure class=\"wp-block-image size-large\"><img decoding=\"async\" loading=\"lazy\" width=\"1016\" height=\"1024\" src=\"http:\/\/montielalimentos.com.ar\/wp-content\/uploads\/2023\/04\/web-fotos-5-01-1016x1024.jpg\" alt=\"\" class=\"wp-image-614\" srcset=\"https:\/\/montielalimentos.com.ar\/wp-content\/uploads\/2023\/04\/web-fotos-5-01-1016x1024.jpg 1016w, https:\/\/montielalimentos.com.ar\/wp-content\/uploads\/2023\/04\/web-fotos-5-01-298x300.jpg 298w, https:\/\/montielalimentos.com.ar\/wp-content\/uploads\/2023\/04\/web-fotos-5-01-150x150.jpg 150w, https:\/\/montielalimentos.com.ar\/wp-content\/uploads\/2023\/04\/web-fotos-5-01-768x774.jpg 768w, https:\/\/montielalimentos.com.ar\/wp-content\/uploads\/2023\/04\/web-fotos-5-01.jpg 1480w\" sizes=\"(max-width: 1016px) 100vw, 1016px\" \/><\/figure>\n<\/div>\n\n\n\n<div class=\"is-layout-flow wp-block-column\">\n<figure class=\"wp-block-image size-large\"><img decoding=\"async\" loading=\"lazy\" width=\"1016\" height=\"1024\" src=\"http:\/\/montielalimentos.com.ar\/wp-content\/uploads\/2023\/04\/web-fotos-6-01-1016x1024.jpg\" alt=\"\" class=\"wp-image-615\" srcset=\"https:\/\/montielalimentos.com.ar\/wp-content\/uploads\/2023\/04\/web-fotos-6-01-1016x1024.jpg 1016w, https:\/\/montielalimentos.com.ar\/wp-content\/uploads\/2023\/04\/web-fotos-6-01-298x300.jpg 298w, https:\/\/montielalimentos.com.ar\/wp-content\/uploads\/2023\/04\/web-fotos-6-01-150x150.jpg 150w, https:\/\/montielalimentos.com.ar\/wp-content\/uploads\/2023\/04\/web-fotos-6-01-768x774.jpg 768w, https:\/\/montielalimentos.com.ar\/wp-content\/uploads\/2023\/04\/web-fotos-6-01.jpg 1480w\" sizes=\"(max-width: 1016px) 100vw, 1016px\" \/><\/figure>\n\n\n\n<p><\/p>\n<\/div>\n<\/div>\n\n\n\n<hr class=\"wp-block-separator has-text-color has-neve-link-hover-color-color has-alpha-channel-opacity has-neve-link-hover-color-background-color has-background\"\/>\n\n\n\n<div class=\"is-layout-flow wp-block-group\"><div class=\"wp-block-group__inner-container\">\n<div style=\"height:0px\" aria-hidden=\"true\" class=\"wp-block-spacer\"><\/div>\n\n\n\n<h2 class=\"has-text-align-center has-nv-c-1-color has-text-color\" id=\"nuestros-servicios\"><strong>NUESTROS SERVICIOS<\/strong><\/h2>\n\n\n\n<div class=\"is-layout-flex wp-container-24 wp-block-columns are-vertically-aligned-center\">\n<div class=\"is-layout-flow wp-block-column is-vertically-aligned-center\" style=\"flex-basis:50%\">\n<p class=\"has-nv-dark-bg-color has-text-color\">&#8211; <strong>Servicio de viandas tradicional<\/strong>, que enviamos hasta el domicilio de los clientes y que pueden ser calentados en microondas o bien en horno.<\/p>\n\n\n\n<p class=\"has-nv-dark-bg-color has-text-color\">&#8211; <strong>Servicio de viandas asistidas<\/strong>, que son servidas por nuestro personal.<\/p>\n\n\n\n<p class=\"has-nv-dark-bg-color has-text-color\">&#8211; <strong>Comedor in situ<\/strong>, para aquellos que prefieren que la comida sea elaborada en sus propias instalaciones.<br><br>&#8211; Ahora <strong>\u00a1\u00a1\u00a1LINEA HOGAR!!!<\/strong> Podes congelar tus comidas y tenerlas organizadas en tu freezer.<br><br>Una soluci\u00f3n para salvarte sin horarios por el <strong>home office<\/strong>, llevarte tu <strong>vianda ya lista<\/strong> a tu trabajo o simplemente para disfrutar junto a tu familia y amigos.<br><\/p>\n\n\n\n<p><\/p>\n\n\n\n<div class=\"is-horizontal is-content-justification-center is-layout-flex wp-container-19 wp-block-buttons\">\n<div class=\"wp-block-button\"><a class=\"wp-block-button__link has-nv-site-bg-color has-nv-c-1-background-color has-text-color has-background wp-element-button\" href=\"mailto:info@montielalimentos.com.ar\">Realiz\u00e1 tu pedido<\/a><\/div>\n<\/div>\n<\/div>\n\n\n\n<div class=\"is-layout-flow wp-block-column is-vertically-aligned-center\" style=\"flex-basis:50%\">\n<div class=\"is-layout-flex wp-container-22 wp-block-columns\">\n<div class=\"is-layout-flow wp-block-column\" style=\"flex-basis:100%\">\n<div class=\"wp-block-nextend-smartslider3\"><\/div>\n<\/div>\n<\/div>\n<\/div>\n<\/div>\n<\/div><\/div>\n<\/div><\/div>\n\n\n\n<div class=\"wp-block-cover alignfull\" style=\"min-height:406px\" id=\"Contacto\"><span aria-hidden=\"true\" class=\"wp-block-cover__background has-nv-dark-bg-background-color has-background-dim-100 has-background-dim\"><\/span><div class=\"wp-block-cover__inner-container\">\n<p><\/p>\n\n\n\n<div class=\"is-layout-flex wp-container-29 wp-block-columns\">\n<div class=\"is-layout-flow wp-block-column\"><div class=\"wp-block-image\">\n<figure class=\"alignleft size-full is-resized\"><img decoding=\"async\" loading=\"lazy\" src=\"http:\/\/montielalimentos.com.ar\/wp-content\/uploads\/2023\/04\/logo-montiel.png\" alt=\"\" class=\"wp-image-592\" width=\"233\" height=\"233\" srcset=\"https:\/\/montielalimentos.com.ar\/wp-content\/uploads\/2023\/04\/logo-montiel.png 800w, https:\/\/montielalimentos.com.ar\/wp-content\/uploads\/2023\/04\/logo-montiel-300x300.png 300w, https:\/\/montielalimentos.com.ar\/wp-content\/uploads\/2023\/04\/logo-montiel-150x150.png 150w, https:\/\/montielalimentos.com.ar\/wp-content\/uploads\/2023\/04\/logo-montiel-768x768.png 768w\" sizes=\"(max-width: 233px) 100vw, 233px\" \/><\/figure><\/div><\/div>\n\n\n\n<div class=\"is-layout-flow wp-block-column\"><\/div>\n\n\n\n<div class=\"is-layout-flow wp-block-column\">\n<h2 id=\"contacto\">Contacto<\/h2>\n\n\n\n<p><strong>Email: <\/strong><a href=\"mailto:info@montielalimentos.com.ar\"><strong>info@montielalimentos.com.ar<\/strong><\/a><br><strong>Instagram: <a href=\"https:\/\/www.instagram.com\/montielalimentos\/\" data-type=\"URL\" data-id=\"https:\/\/www.instagram.com\/montielalimentos\/\">montielalimentos<\/a><\/strong><br><strong>Facebook:  <\/strong><a href=\"https:\/\/www.facebook.com\/montielalimentos\/?paipv=0&amp;eav=AfZV09vef5f51JGCAX8U2_eNNRcTWBM33zSPbZfYrlMa5r1DYeu4uBPtvFgAMvyFIF0\" data-type=\"URL\" data-id=\"https:\/\/www.facebook.com\/montielalimentos\/?paipv=0&amp;eav=AfZV09vef5f51JGCAX8U2_eNNRcTWBM33zSPbZfYrlMa5r1DYeu4uBPtvFgAMvyFIF0\"><strong>Montiel Alimentos<\/strong><\/a> <br><strong>Tel\u00e9fono: <\/strong>1134112377<br><strong>Mataderos, CABA<\/strong><\/p>\n<\/div>\n<\/div>\n<\/div><\/div>\n","protected":false},"excerpt":{"rendered":"<p>SERVICIO A COMEDORES SERVICIO DE VIANDAS PARA EMPRESAS SERVICIO A COMERCIOS<\/p>\n","protected":false},"author":1,"featured_media":0,"parent":36,"menu_order":0,"comment_status":"closed","ping_status":"closed","template":"","meta":{"neve_meta_sidebar":"default","neve_meta_container":"default","neve_meta_enable_content_width":"on","neve_meta_content_width":100,"neve_meta_title_alignment":"","neve_meta_author_avatar":"","neve_post_elements_order":"","neve_meta_disable_header":"","neve_meta_disable_footer":"","neve_meta_disable_title":"on","_themeisle_gutenberg_block_has_review":false,"_ti_tpc_template_sync":false,"_ti_tpc_template_id":"5udqur826ojgsxrmsxsc"},"_links":{"self":[{"href":"https:\/\/montielalimentos.com.ar\/index.php\/wp-json\/wp\/v2\/pages\/5"}],"collection":[{"href":"https:\/\/montielalimentos.com.ar\/index.php\/wp-json\/wp\/v2\/pages"}],"about":[{"href":"https:\/\/montielalimentos.com.ar\/index.php\/wp-json\/wp\/v2\/types\/page"}],"author":[{"embeddable":true,"href":"https:\/\/montielalimentos.com.ar\/index.php\/wp-json\/wp\/v2\/users\/1"}],"replies":[{"embeddable":true,"href":"https:\/\/montielalimentos.com.ar\/index.php\/wp-json\/wp\/v2\/comments?post=5"}],"version-history":[{"count":103,"href":"https:\/\/montielalimentos.com.ar\/index.php\/wp-json\/wp\/v2\/pages\/5\/revisions"}],"predecessor-version":[{"id":657,"href":"https:\/\/montielalimentos.com.ar\/index.php\/wp-json\/wp\/v2\/pages\/5\/revisions\/657"}],"up":[{"embeddable":true,"href":"https:\/\/montielalimentos.com.ar\/index.php\/wp-json\/wp\/v2\/pages\/36"}],"wp:attachment":[{"href":"https:\/\/montielalimentos.com.ar\/index.php\/wp-json\/wp\/v2\/media?parent=5"}],"curies":[{"name":"wp","href":"https:\/\/api.w.org\/{rel}","templated":true}]}}